{"id":1123,"date":"2020-06-28T21:32:57","date_gmt":"2020-06-28T19:32:57","guid":{"rendered":"https:\/\/rendez-vous.beaujolais.com\/beaujolais-bistros\/"},"modified":"2020-07-20T18:37:34","modified_gmt":"2020-07-20T16:37:34","slug":"beaujolais-bistros","status":"publish","type":"page","link":"https:\/\/rendez-vous.beaujolais.com\/en\/beaujolais-bistros\/","title":{"rendered":"Beaujolais bistros"},"content":{"rendered":"","protected":false},"excerpt":{"rendered":"","protected":false},"author":1,"featured_media":0,"parent":0,"menu_order":0,"comment_status":"closed","ping_status":"closed","template":"template\/listing-bistrots.php","meta":{"_acf_changed":false,"footnotes":""},"class_list":["post-1123","page","type-page","status-publish","hentry"],"acf":[],"yoast_head":"<!-- This site is optimized with the Yoast SEO plugin v26.2 - https:\/\/yoast.com\/wordpress\/plugins\/seo\/ -->\n<title>Beaujolais bistros - Les rendez-vous Beaujolais<\/title>\n<meta name=\"description\" content=\"Les Rendez-vous Beaujolais est une plateforme qui pr\u00e9sente les ambassadeurs du Beaujolais : Bistrots Beaujolais et des maisons et domaines du Beaujolais ainsi que les diff\u00e9rents \u00e9v\u00e9nements Beaujolais organis\u00e9s en France et dans le monde.\" \/>\n<meta name=\"robots\" content=\"noindex, nofollow\" \/>\n<meta property=\"og:locale\" content=\"en_US\" \/>\n<meta property=\"og:type\" content=\"article\" \/>\n<meta property=\"og:title\" content=\"Beaujolais bistros - Les rendez-vous Beaujolais\" \/>\n<meta property=\"og:description\" content=\"Les Rendez-vous Beaujolais est une plateforme qui pr\u00e9sente les ambassadeurs du Beaujolais : Bistrots Beaujolais et des maisons et domaines du Beaujolais ainsi que les diff\u00e9rents \u00e9v\u00e9nements Beaujolais organis\u00e9s en France et dans le monde.\" \/>\n<meta property=\"og:url\" content=\"https:\/\/rendez-vous.beaujolais.com\/en\/beaujolais-bistros\/\" \/>\n<meta property=\"og:site_name\" content=\"Les rendez-vous Beaujolais\" \/>\n<meta property=\"article:modified_time\" content=\"2020-07-20T16:37:34+00:00\" \/>\n<meta property=\"og:image\" content=\"https:\/\/rendez-vous.beaujolais.com\/wp-content\/uploads\/2020\/06\/rdv-beaujolais-img-partage-rs.png\" \/>\n\t<meta property=\"og:image:width\" content=\"1200\" \/>\n\t<meta property=\"og:image:height\" content=\"630\" \/>\n\t<meta property=\"og:image:type\" content=\"image\/png\" \/>\n<meta name=\"twitter:card\" content=\"summary_large_image\" \/>\n<script type=\"application\/ld+json\" class=\"yoast-schema-graph\">{\"@context\":\"https:\/\/schema.org\",\"@graph\":[{\"@type\":\"WebPage\",\"@id\":\"https:\/\/rendez-vous.beaujolais.com\/en\/beaujolais-bistros\/\",\"url\":\"https:\/\/rendez-vous.beaujolais.com\/en\/beaujolais-bistros\/\",\"name\":\"Beaujolais bistros - Les rendez-vous Beaujolais\",\"isPartOf\":{\"@id\":\"https:\/\/rendez-vous.beaujolais.com\/#website\"},\"datePublished\":\"2020-06-28T19:32:57+00:00\",\"dateModified\":\"2020-07-20T16:37:34+00:00\",\"description\":\"Les Rendez-vous Beaujolais est une plateforme qui pr\u00e9sente les ambassadeurs du Beaujolais : Bistrots Beaujolais et des maisons et domaines du Beaujolais ainsi que les diff\u00e9rents \u00e9v\u00e9nements Beaujolais organis\u00e9s en France et dans le monde.\",\"breadcrumb\":{\"@id\":\"https:\/\/rendez-vous.beaujolais.com\/en\/beaujolais-bistros\/#breadcrumb\"},\"inLanguage\":\"en-US\",\"potentialAction\":[{\"@type\":\"ReadAction\",\"target\":[\"https:\/\/rendez-vous.beaujolais.com\/en\/beaujolais-bistros\/\"]}]},{\"@type\":\"BreadcrumbList\",\"@id\":\"https:\/\/rendez-vous.beaujolais.com\/en\/beaujolais-bistros\/#breadcrumb\",\"itemListElement\":[{\"@type\":\"ListItem\",\"position\":1,\"name\":\"Home\",\"item\":\"https:\/\/rendez-vous.beaujolais.com\/en\/\"},{\"@type\":\"ListItem\",\"position\":2,\"name\":\"Beaujolais bistros\"}]},{\"@type\":\"WebSite\",\"@id\":\"https:\/\/rendez-vous.beaujolais.com\/#website\",\"url\":\"https:\/\/rendez-vous.beaujolais.com\/\",\"name\":\"Les rendez-vous Beaujolais\",\"description\":\"Les Rendez-vous Beaujolais est une plateforme qui pr\u00e9sente les ambassadeurs du Beaujolais : Bistrots Beaujolais et des maisons et domaines du Beaujolais ainsi que les diff\u00e9rents \u00e9v\u00e9nements Beaujolais organis\u00e9s en France et dans le monde.\",\"publisher\":{\"@id\":\"https:\/\/rendez-vous.beaujolais.com\/#organization\"},\"potentialAction\":[{\"@type\":\"SearchAction\",\"target\":{\"@type\":\"EntryPoint\",\"urlTemplate\":\"https:\/\/rendez-vous.beaujolais.com\/?s={search_term_string}\"},\"query-input\":{\"@type\":\"PropertyValueSpecification\",\"valueRequired\":true,\"valueName\":\"search_term_string\"}}],\"inLanguage\":\"en-US\"},{\"@type\":\"Organization\",\"@id\":\"https:\/\/rendez-vous.beaujolais.com\/#organization\",\"name\":\"Rendez vous Beaujolais\",\"url\":\"https:\/\/rendez-vous.beaujolais.com\/\",\"logo\":{\"@type\":\"ImageObject\",\"inLanguage\":\"en-US\",\"@id\":\"https:\/\/rendez-vous.beaujolais.com\/#\/schema\/logo\/image\/\",\"url\":\"https:\/\/rendez-vous.beaujolais.com\/wp-content\/uploads\/2020\/04\/logo_rendez-vous-beaujolais.png\",\"contentUrl\":\"https:\/\/rendez-vous.beaujolais.com\/wp-content\/uploads\/2020\/04\/logo_rendez-vous-beaujolais.png\",\"width\":259,\"height\":110,\"caption\":\"Rendez vous Beaujolais\"},\"image\":{\"@id\":\"https:\/\/rendez-vous.beaujolais.com\/#\/schema\/logo\/image\/\"}}]}<\/script>\n<!-- \/ Yoast SEO plugin. -->","yoast_head_json":{"title":"Beaujolais bistros - Les rendez-vous Beaujolais","description":"Les Rendez-vous Beaujolais est une plateforme qui pr\u00e9sente les ambassadeurs du Beaujolais : Bistrots Beaujolais et des maisons et domaines du Beaujolais ainsi que les diff\u00e9rents \u00e9v\u00e9nements Beaujolais organis\u00e9s en France et dans le monde.","robots":{"index":"noindex","follow":"nofollow"},"og_locale":"en_US","og_type":"article","og_title":"Beaujolais bistros - Les rendez-vous Beaujolais","og_description":"Les Rendez-vous Beaujolais est une plateforme qui pr\u00e9sente les ambassadeurs du Beaujolais : Bistrots Beaujolais et des maisons et domaines du Beaujolais ainsi que les diff\u00e9rents \u00e9v\u00e9nements Beaujolais organis\u00e9s en France et dans le monde.","og_url":"https:\/\/rendez-vous.beaujolais.com\/en\/beaujolais-bistros\/","og_site_name":"Les rendez-vous Beaujolais","article_modified_time":"2020-07-20T16:37:34+00:00","og_image":[{"width":1200,"height":630,"url":"https:\/\/rendez-vous.beaujolais.com\/wp-content\/uploads\/2020\/06\/rdv-beaujolais-img-partage-rs.png","type":"image\/png"}],"twitter_card":"summary_large_image","schema":{"@context":"https:\/\/schema.org","@graph":[{"@type":"WebPage","@id":"https:\/\/rendez-vous.beaujolais.com\/en\/beaujolais-bistros\/","url":"https:\/\/rendez-vous.beaujolais.com\/en\/beaujolais-bistros\/","name":"Beaujolais bistros - Les rendez-vous Beaujolais","isPartOf":{"@id":"https:\/\/rendez-vous.beaujolais.com\/#website"},"datePublished":"2020-06-28T19:32:57+00:00","dateModified":"2020-07-20T16:37:34+00:00","description":"Les Rendez-vous Beaujolais est une plateforme qui pr\u00e9sente les ambassadeurs du Beaujolais : Bistrots Beaujolais et des maisons et domaines du Beaujolais ainsi que les diff\u00e9rents \u00e9v\u00e9nements Beaujolais organis\u00e9s en France et dans le monde.","breadcrumb":{"@id":"https:\/\/rendez-vous.beaujolais.com\/en\/beaujolais-bistros\/#breadcrumb"},"inLanguage":"en-US","potentialAction":[{"@type":"ReadAction","target":["https:\/\/rendez-vous.beaujolais.com\/en\/beaujolais-bistros\/"]}]},{"@type":"BreadcrumbList","@id":"https:\/\/rendez-vous.beaujolais.com\/en\/beaujolais-bistros\/#breadcrumb","itemListElement":[{"@type":"ListItem","position":1,"name":"Home","item":"https:\/\/rendez-vous.beaujolais.com\/en\/"},{"@type":"ListItem","position":2,"name":"Beaujolais bistros"}]},{"@type":"WebSite","@id":"https:\/\/rendez-vous.beaujolais.com\/#website","url":"https:\/\/rendez-vous.beaujolais.com\/","name":"Les rendez-vous Beaujolais","description":"Les Rendez-vous Beaujolais est une plateforme qui pr\u00e9sente les ambassadeurs du Beaujolais : Bistrots Beaujolais et des maisons et domaines du Beaujolais ainsi que les diff\u00e9rents \u00e9v\u00e9nements Beaujolais organis\u00e9s en France et dans le monde.","publisher":{"@id":"https:\/\/rendez-vous.beaujolais.com\/#organization"},"potentialAction":[{"@type":"SearchAction","target":{"@type":"EntryPoint","urlTemplate":"https:\/\/rendez-vous.beaujolais.com\/?s={search_term_string}"},"query-input":{"@type":"PropertyValueSpecification","valueRequired":true,"valueName":"search_term_string"}}],"inLanguage":"en-US"},{"@type":"Organization","@id":"https:\/\/rendez-vous.beaujolais.com\/#organization","name":"Rendez vous Beaujolais","url":"https:\/\/rendez-vous.beaujolais.com\/","logo":{"@type":"ImageObject","inLanguage":"en-US","@id":"https:\/\/rendez-vous.beaujolais.com\/#\/schema\/logo\/image\/","url":"https:\/\/rendez-vous.beaujolais.com\/wp-content\/uploads\/2020\/04\/logo_rendez-vous-beaujolais.png","contentUrl":"https:\/\/rendez-vous.beaujolais.com\/wp-content\/uploads\/2020\/04\/logo_rendez-vous-beaujolais.png","width":259,"height":110,"caption":"Rendez vous Beaujolais"},"image":{"@id":"https:\/\/rendez-vous.beaujolais.com\/#\/schema\/logo\/image\/"}}]}},"_links":{"self":[{"href":"https:\/\/rendez-vous.beaujolais.com\/en\/wp-json\/wp\/v2\/pages\/1123","targetHints":{"allow":["GET"]}}],"collection":[{"href":"https:\/\/rendez-vous.beaujolais.com\/en\/wp-json\/wp\/v2\/pages"}],"about":[{"href":"https:\/\/rendez-vous.beaujolais.com\/en\/wp-json\/wp\/v2\/types\/page"}],"author":[{"embeddable":true,"href":"https:\/\/rendez-vous.beaujolais.com\/en\/wp-json\/wp\/v2\/users\/1"}],"replies":[{"embeddable":true,"href":"https:\/\/rendez-vous.beaujolais.com\/en\/wp-json\/wp\/v2\/comments?post=1123"}],"version-history":[{"count":1,"href":"https:\/\/rendez-vous.beaujolais.com\/en\/wp-json\/wp\/v2\/pages\/1123\/revisions"}],"predecessor-version":[{"id":1713,"href":"https:\/\/rendez-vous.beaujolais.com\/en\/wp-json\/wp\/v2\/pages\/1123\/revisions\/1713"}],"wp:attachment":[{"href":"https:\/\/rendez-vous.beaujolais.com\/en\/wp-json\/wp\/v2\/media?parent=1123"}],"curies":[{"name":"wp","href":"https:\/\/api.w.org\/{rel}","templated":true}]}}