{"id":1170,"date":"2020-06-29T13:34:27","date_gmt":"2020-06-29T11:34:27","guid":{"rendered":"https:\/\/rendez-vous.beaujolais.com\/contact-us\/"},"modified":"2020-07-13T10:09:15","modified_gmt":"2020-07-13T08:09:15","slug":"contact-us","status":"publish","type":"page","link":"https:\/\/rendez-vous.beaujolais.com\/en\/contact-us\/","title":{"rendered":"Contact us"},"content":{"rendered":"<script>\nvar gform;gform||(document.addEventListener(\"gform_main_scripts_loaded\",function(){gform.scriptsLoaded=!0}),document.addEventListener(\"gform\/theme\/scripts_loaded\",function(){gform.themeScriptsLoaded=!0}),window.addEventListener(\"DOMContentLoaded\",function(){gform.domLoaded=!0}),gform={domLoaded:!1,scriptsLoaded:!1,themeScriptsLoaded:!1,isFormEditor:()=>\"function\"==typeof InitializeEditor,callIfLoaded:function(o){return!(!gform.domLoaded||!gform.scriptsLoaded||!gform.themeScriptsLoaded&&!gform.isFormEditor()||(gform.isFormEditor()&&console.warn(\"The use of gform.initializeOnLoaded() is deprecated in the form editor context and will be removed in Gravity Forms 3.1.\"),o(),0))},initializeOnLoaded:function(o){gform.callIfLoaded(o)||(document.addEventListener(\"gform_main_scripts_loaded\",()=>{gform.scriptsLoaded=!0,gform.callIfLoaded(o)}),document.addEventListener(\"gform\/theme\/scripts_loaded\",()=>{gform.themeScriptsLoaded=!0,gform.callIfLoaded(o)}),window.addEventListener(\"DOMContentLoaded\",()=>{gform.domLoaded=!0,gform.callIfLoaded(o)}))},hooks:{action:{},filter:{}},addAction:function(o,r,e,t){gform.addHook(\"action\",o,r,e,t)},addFilter:function(o,r,e,t){gform.addHook(\"filter\",o,r,e,t)},doAction:function(o){gform.doHook(\"action\",o,arguments)},applyFilters:function(o){return gform.doHook(\"filter\",o,arguments)},removeAction:function(o,r){gform.removeHook(\"action\",o,r)},removeFilter:function(o,r,e){gform.removeHook(\"filter\",o,r,e)},addHook:function(o,r,e,t,n){null==gform.hooks[o][r]&&(gform.hooks[o][r]=[]);var d=gform.hooks[o][r];null==n&&(n=r+\"_\"+d.length),gform.hooks[o][r].push({tag:n,callable:e,priority:t=null==t?10:t})},doHook:function(r,o,e){var t;if(e=Array.prototype.slice.call(e,1),null!=gform.hooks[r][o]&&((o=gform.hooks[r][o]).sort(function(o,r){return o.priority-r.priority}),o.forEach(function(o){\"function\"!=typeof(t=o.callable)&&(t=window[t]),\"action\"==r?t.apply(null,e):e[0]=t.apply(null,e)})),\"filter\"==r)return e[0]},removeHook:function(o,r,t,n){var e;null!=gform.hooks[o][r]&&(e=(e=gform.hooks[o][r]).filter(function(o,r,e){return!!(null!=n&&n!=o.tag||null!=t&&t!=o.priority)}),gform.hooks[o][r]=e)}});\n<\/script>\n\n                <div class='gf_browser_gecko gform_wrapper gform_legacy_markup_wrapper gform-theme--no-framework' data-form-theme='legacy' data-form-index='0' id='gform_wrapper_10' ><form method='post' enctype='multipart\/form-data'  id='gform_10'  action='\/en\/wp-json\/wp\/v2\/pages\/1170' data-formid='10' novalidate>\n                        <div class='gform-body gform_body'><ul id='gform_fields_10' class='gform_fields top_label form_sublabel_below description_below validation_below'><li id=\"field_10_1\" class=\"gfield gfield--type-html gfield_html gfield_html_formatted gfield_no_follows_desc field_sublabel_below gfield--no-description field_description_below field_validation_below gfield_visibility_visible\"  ><p>Interbeaujolais<\/p>\n<p>210 boulevard Vermorel,<\/p>\n<p>CS 30317<\/p>\n<p>69661 Villefranche sur Sa\u00f4ne C\u00e9dex.<\/p>\n<a href=\"tel:+4 74 02 22 10\">Tel: 04 74 02 22 109<\/a>\n<\/li><li id=\"field_10_2\" class=\"gfield gfield--type-radio gfield--type-choice gfield_contains_required field_sublabel_below gfield--no-description field_description_below field_validation_below gfield_visibility_visible\"  ><label class='gfield_label gform-field-label' >Civility<span class=\"gfield_required\"><span class=\"gfield_required gfield_required_asterisk\">*<\/span><\/span><\/label><div class='ginput_container ginput_container_radio'><ul class='gfield_radio' id='input_10_2'>\n\t\t\t<li class='gchoice gchoice_10_2_0'>\n\t\t\t\t<input name='input_2' type='radio' value='Mrs'  id='choice_10_2_0'    \/>\n\t\t\t\t<label for='choice_10_2_0' id='label_10_2_0' class='gform-field-label gform-field-label--type-inline'>Mrs<\/label>\n\t\t\t<\/li>\n\t\t\t<li class='gchoice gchoice_10_2_1'>\n\t\t\t\t<input name='input_2' type='radio' value='Mr'  id='choice_10_2_1'    \/>\n\t\t\t\t<label for='choice_10_2_1' id='label_10_2_1' class='gform-field-label gform-field-label--type-inline'>Mr<\/label>\n\t\t\t<\/li><\/ul><\/div><\/li><li id=\"field_10_8\" class=\"gfield gfield--type-text gfield_contains_required field_sublabel_below gfield--no-description field_description_below field_validation_below gfield_visibility_visible\"  ><label class='gfield_label gform-field-label' for='input_10_8'>Last name<span class=\"gfield_required\"><span class=\"gfield_required gfield_required_asterisk\">*<\/span><\/span><\/label><div class='ginput_container ginput_container_text'><input name='input_8' id='input_10_8' type='text' value='' class='medium'     aria-required=\"true\" aria-invalid=\"false\"   \/><\/div><\/li><li id=\"field_10_9\" class=\"gfield gfield--type-text gfield_contains_required field_sublabel_below gfield--no-description field_description_below field_validation_below gfield_visibility_visible\"  ><label class='gfield_label gform-field-label' for='input_10_9'>First name<span class=\"gfield_required\"><span class=\"gfield_required gfield_required_asterisk\">*<\/span><\/span><\/label><div class='ginput_container ginput_container_text'><input name='input_9' id='input_10_9' type='text' value='' class='medium'     aria-required=\"true\" aria-invalid=\"false\"   \/><\/div><\/li><li id=\"field_10_5\" class=\"gfield gfield--type-text gfield_contains_required field_sublabel_below gfield--no-description field_description_below field_validation_below gfield_visibility_visible\"  ><label class='gfield_label gform-field-label' for='input_10_5'>Subject<span class=\"gfield_required\"><span class=\"gfield_required gfield_required_asterisk\">*<\/span><\/span><\/label><div class='ginput_container ginput_container_text'><input name='input_5' id='input_10_5' type='text' value='' class='medium'     aria-required=\"true\" aria-invalid=\"false\"   \/><\/div><\/li><li id=\"field_10_12\" class=\"gfield gfield--type-email gfield_contains_required field_sublabel_below gfield--no-description field_description_below field_validation_below gfield_visibility_visible\"  ><label class='gfield_label gform-field-label' for='input_10_12'>Email<span class=\"gfield_required\"><span class=\"gfield_required gfield_required_asterisk\">*<\/span><\/span><\/label><div class='ginput_container ginput_container_email'>\n                            <input name='input_12' id='input_10_12' type='email' value='' class='medium'    aria-required=\"true\" aria-invalid=\"false\"  \/>\n                        <\/div><\/li><li id=\"field_10_4\" class=\"gfield gfield--type-textarea gfield_contains_required field_sublabel_below gfield--no-description field_description_below field_validation_below gfield_visibility_visible\"  ><label class='gfield_label gform-field-label' for='input_10_4'>Message<span class=\"gfield_required\"><span class=\"gfield_required gfield_required_asterisk\">*<\/span><\/span><\/label><div class='ginput_container ginput_container_textarea'><textarea name='input_4' id='input_10_4' class='textarea medium'     aria-required=\"true\" aria-invalid=\"false\"   rows='10' cols='50'><\/textarea><\/div><\/li><li id=\"field_10_7\" class=\"gfield gfield--type-consent gfield--type-choice gfield--input-type-consent gfield_contains_required field_sublabel_below gfield--no-description field_description_below field_validation_below gfield_visibility_visible\"  ><label class='gfield_label gform-field-label gfield_label_before_complex' >Protections des donn\u00e9es<span class=\"gfield_required\"><span class=\"gfield_required gfield_required_asterisk\">*<\/span><\/span><\/label><div class='ginput_container ginput_container_consent'><input name='input_7.1' id='input_10_7_1' type='checkbox' value='1'   aria-required=\"true\" aria-invalid=\"false\"   \/> <label class=\"gform-field-label gform-field-label--type-inline gfield_consent_label\" for='input_10_7_1' >J'accepte que les informations recueillies soient transmises \u00e0 Inter Beaujolais<\/label><input type='hidden' name='input_7.2' value='J&#039;accepte que les informations recueillies soient transmises \u00e0 Inter Beaujolais' class='gform_hidden' \/><input type='hidden' name='input_7.3' value='4' class='gform_hidden' \/><\/div><\/li><li id=\"field_10_11\" class=\"gfield gfield--type-html gfield_html gfield_html_formatted gfield_no_follows_desc field_sublabel_below gfield--no-description field_description_below field_validation_below gfield_visibility_visible\"  ><div class='mentions-legales'><p> Les informations recueillies sur ce formulaire sont enregistr\u00e9es dans un fichier informatis\u00e9 par Inter Beaujolais pour le traitement de votre demande et de futures communications. Elles sont conserv\u00e9es pendant 5 ans et sont destin\u00e9es \u00e0 envoyer des informations li\u00e9es aux vins du Beaujolais.<\/p><p>Conform\u00e9ment \u00e0 la loi \u00ab informatique et libert\u00e9s \u00bb et au RGPD, vous pouvez exercer votre droit d'acc\u00e8s, de rectification et de suppression des donn\u00e9es vous concernant en contactant le DPO d'Inter Beaujolais.<\/p><p> Pour conna\u00eetre et exercer vos droits, notamment vos droits d'acc\u00e8s, de rectification et de suppression des donn\u00e9es collect\u00e9es par ce formulaire, veuillez consulter notre Politique de protection des donn\u00e9es personnelles. <\/p><p> <a href='https:\/\/rendez-vous.beaujolais.com\/en\/donnees-personnelles-formulaire-de-contact\/'> En savoir plus sur la gestion de vos donn\u00e9es et vos droits associ\u00e9s \u00e0 ce formulaire.<\/a> <\/p> <\/div><\/li><\/ul><\/div>\n        <div class='gform-footer gform_footer top_label'> <input type='submit' id='gform_submit_button_10' class='gform_button button' onclick='gform.submission.handleButtonClick(this);' data-submission-type='submit' value='Send'  \/> \n            <input type='hidden' class='gform_hidden' name='gform_submission_method' data-js='gform_submission_method_10' value='postback' \/>\n            <input type='hidden' class='gform_hidden' name='gform_theme' data-js='gform_theme_10' id='gform_theme_10' value='legacy' \/>\n            <input type='hidden' class='gform_hidden' name='gform_style_settings' data-js='gform_style_settings_10' id='gform_style_settings_10' value='[]' \/>\n            <input type='hidden' class='gform_hidden' name='is_submit_10' value='1' \/>\n            <input type='hidden' class='gform_hidden' name='gform_submit' value='10' \/>\n            \n            <input type='hidden' class='gform_hidden' name='gform_currency' data-currency='EUR' value='yazYCU54U4a\/DAjW8brkfn\/W0P72RLjU+DuFt2LMq4dkQSAJ4PqU2\/lG7RnuyDygGSqakc3O3Msx4LLNQSZQEM0nZda6VpaNX8Hp3lmvZGBJumE=' \/>\n            <input type='hidden' class='gform_hidden' name='gform_unique_id' value='' \/>\n            <input type='hidden' class='gform_hidden' name='state_10' value='WyJ7XCI3LjFcIjpcIjkxNzU4M2Y3OWY5YzM3YjFkYTY2ZWNmZjU2ZDJiMDJlXCIsXCI3LjJcIjpcIjhkNDU0MTI2YTJhZjU1Y2UzNWVmOWFjOGI5MDQyNzdiXCIsXCI3LjNcIjpcIjBkOTkwZjk0NGMyNjM0OGI4Y2I5YWY4ZTk4NzcwZjYyXCJ9IiwiMmJlODUxYmExMmYxMzQxYjM2OWUzZjUwMDQwYTY1MTciXQ==' \/>\n            <input type='hidden' autocomplete='off' class='gform_hidden' name='gform_target_page_number_10' id='gform_target_page_number_10' value='0' \/>\n            <input type='hidden' autocomplete='off' class='gform_hidden' name='gform_source_page_number_10' id='gform_source_page_number_10' value='1' \/>\n            <input type='hidden' name='gform_field_values' value='' \/>\n            \n        <\/div>\n                        <\/form>\n                        <\/div><script>\ngform.initializeOnLoaded( function() {gformInitSpinner( 10, 'https:\/\/rendez-vous.beaujolais.com\/wp-content\/plugins\/gravityforms\/images\/spinner.svg', true );jQuery('#gform_ajax_frame_10').on('load',function(){var contents = jQuery(this).contents().find('*').html();var is_postback = contents.indexOf('GF_AJAX_POSTBACK') >= 0;if(!is_postback){return;}var form_content = jQuery(this).contents().find('#gform_wrapper_10');var is_confirmation = jQuery(this).contents().find('#gform_confirmation_wrapper_10').length > 0;var is_redirect = contents.indexOf('gformRedirect(){') >= 0;var is_form = form_content.length > 0 && ! is_redirect && ! is_confirmation;var mt = parseInt(jQuery('html').css('margin-top'), 10) + parseInt(jQuery('body').css('margin-top'), 10) + 100;if(is_form){jQuery('#gform_wrapper_10').html(form_content.html());if(form_content.hasClass('gform_validation_error')){jQuery('#gform_wrapper_10').addClass('gform_validation_error');} else {jQuery('#gform_wrapper_10').removeClass('gform_validation_error');}setTimeout( function() { \/* delay the scroll by 50 milliseconds to fix a bug in chrome *\/  }, 50 );if(window['gformInitDatepicker']) {gformInitDatepicker();}if(window['gformInitPriceFields']) {gformInitPriceFields();}var current_page = jQuery('#gform_source_page_number_10').val();gformInitSpinner( 10, 'https:\/\/rendez-vous.beaujolais.com\/wp-content\/plugins\/gravityforms\/images\/spinner.svg', true );jQuery(document).trigger('gform_page_loaded', [10, current_page]);window['gf_submitting_10'] = false;}else if(!is_redirect){var confirmation_content = jQuery(this).contents().find('.GF_AJAX_POSTBACK').html();if(!confirmation_content){confirmation_content = contents;}jQuery('#gform_wrapper_10').replaceWith(confirmation_content);jQuery(document).trigger('gform_confirmation_loaded', [10]);window['gf_submitting_10'] = false;wp.a11y.speak(jQuery('#gform_confirmation_message_10').text());}else{jQuery('#gform_10').append(contents);if(window['gformRedirect']) {gformRedirect();}}jQuery(document).trigger(\"gform_pre_post_render\", [{ formId: \"10\", currentPage: \"current_page\", abort: function() { this.preventDefault(); } }]);        if (event && event.defaultPrevented) {                return;        }        const gformWrapperDiv = document.getElementById( \"gform_wrapper_10\" );        if ( gformWrapperDiv ) {            const visibilitySpan = document.createElement( \"span\" );            visibilitySpan.id = \"gform_visibility_test_10\";            gformWrapperDiv.insertAdjacentElement( \"afterend\", visibilitySpan );        }        const visibilityTestDiv = document.getElementById( \"gform_visibility_test_10\" );        let postRenderFired = false;        function triggerPostRender() {            if ( postRenderFired ) {                return;            }            postRenderFired = true;            gform.core.triggerPostRenderEvents( 10, current_page );            if ( visibilityTestDiv ) {                visibilityTestDiv.parentNode.removeChild( visibilityTestDiv );            }        }        function debounce( func, wait, immediate ) {            var timeout;            return function() {                var context = this, args = arguments;                var later = function() {                    timeout = null;                    if ( !immediate ) func.apply( context, args );                };                var callNow = immediate && !timeout;                clearTimeout( timeout );                timeout = setTimeout( later, wait );                if ( callNow ) func.apply( context, args );            };        }        const debouncedTriggerPostRender = debounce( function() {            triggerPostRender();        }, 200 );        if ( visibilityTestDiv && visibilityTestDiv.offsetParent === null ) {            const observer = new MutationObserver( ( mutations ) => {                mutations.forEach( ( mutation ) => {                    if ( mutation.type === 'attributes' && visibilityTestDiv.offsetParent !== null ) {                        debouncedTriggerPostRender();                        observer.disconnect();                    }                });            });            observer.observe( document.body, {                attributes: true,                childList: false,                subtree: true,                attributeFilter: [ 'style', 'class' ],            });        } else {            triggerPostRender();        }    } );} );\n<\/script>\n\n","protected":false},"excerpt":{"rendered":"","protected":false},"author":1,"featured_media":0,"parent":0,"menu_order":0,"comment_status":"closed","ping_status":"closed","template":"","meta":{"_acf_changed":false,"footnotes":""},"class_list":["post-1170","page","type-page","status-publish","hentry"],"acf":[],"yoast_head":"<!-- This site is optimized with the Yoast SEO plugin v26.2 - https:\/\/yoast.com\/wordpress\/plugins\/seo\/ -->\n<title>Contact us - Les rendez-vous Beaujolais<\/title>\n<meta name=\"description\" content=\"Les Rendez-vous Beaujolais est une plateforme qui pr\u00e9sente les ambassadeurs du Beaujolais : Bistrots Beaujolais et des maisons et domaines du Beaujolais ainsi que les diff\u00e9rents \u00e9v\u00e9nements Beaujolais organis\u00e9s en France et dans le monde.\" \/>\n<meta name=\"robots\" content=\"index, follow, max-snippet:-1, max-image-preview:large, max-video-preview:-1\" \/>\n<link rel=\"canonical\" href=\"https:\/\/rendez-vous.beaujolais.com\/en\/contact-us\/\" \/>\n<meta property=\"og:locale\" content=\"en_US\" \/>\n<meta property=\"og:type\" content=\"article\" \/>\n<meta property=\"og:title\" content=\"Contact us - Les rendez-vous Beaujolais\" \/>\n<meta property=\"og:description\" content=\"Les Rendez-vous Beaujolais est une plateforme qui pr\u00e9sente les ambassadeurs du Beaujolais : Bistrots Beaujolais et des maisons et domaines du Beaujolais ainsi que les diff\u00e9rents \u00e9v\u00e9nements Beaujolais organis\u00e9s en France et dans le monde.\" \/>\n<meta property=\"og:url\" content=\"https:\/\/rendez-vous.beaujolais.com\/en\/contact-us\/\" \/>\n<meta property=\"og:site_name\" content=\"Les rendez-vous Beaujolais\" \/>\n<meta property=\"article:modified_time\" content=\"2020-07-13T08:09:15+00:00\" \/>\n<meta property=\"og:image\" content=\"https:\/\/rendez-vous.beaujolais.com\/wp-content\/uploads\/2020\/06\/rdv-beaujolais-img-partage-rs.png\" \/>\n\t<meta property=\"og:image:width\" content=\"1200\" \/>\n\t<meta property=\"og:image:height\" content=\"630\" \/>\n\t<meta property=\"og:image:type\" content=\"image\/png\" \/>\n<meta name=\"twitter:card\" content=\"summary_large_image\" \/>\n<script type=\"application\/ld+json\" class=\"yoast-schema-graph\">{\"@context\":\"https:\/\/schema.org\",\"@graph\":[{\"@type\":\"WebPage\",\"@id\":\"https:\/\/rendez-vous.beaujolais.com\/en\/contact-us\/\",\"url\":\"https:\/\/rendez-vous.beaujolais.com\/en\/contact-us\/\",\"name\":\"Contact us - Les rendez-vous Beaujolais\",\"isPartOf\":{\"@id\":\"https:\/\/rendez-vous.beaujolais.com\/#website\"},\"datePublished\":\"2020-06-29T11:34:27+00:00\",\"dateModified\":\"2020-07-13T08:09:15+00:00\",\"description\":\"Les Rendez-vous Beaujolais est une plateforme qui pr\u00e9sente les ambassadeurs du Beaujolais : Bistrots Beaujolais et des maisons et domaines du Beaujolais ainsi que les diff\u00e9rents \u00e9v\u00e9nements Beaujolais organis\u00e9s en France et dans le monde.\",\"breadcrumb\":{\"@id\":\"https:\/\/rendez-vous.beaujolais.com\/en\/contact-us\/#breadcrumb\"},\"inLanguage\":\"en-US\",\"potentialAction\":[{\"@type\":\"ReadAction\",\"target\":[\"https:\/\/rendez-vous.beaujolais.com\/en\/contact-us\/\"]}]},{\"@type\":\"BreadcrumbList\",\"@id\":\"https:\/\/rendez-vous.beaujolais.com\/en\/contact-us\/#breadcrumb\",\"itemListElement\":[{\"@type\":\"ListItem\",\"position\":1,\"name\":\"Home\",\"item\":\"https:\/\/rendez-vous.beaujolais.com\/en\/\"},{\"@type\":\"ListItem\",\"position\":2,\"name\":\"Contact us\"}]},{\"@type\":\"WebSite\",\"@id\":\"https:\/\/rendez-vous.beaujolais.com\/#website\",\"url\":\"https:\/\/rendez-vous.beaujolais.com\/\",\"name\":\"Les rendez-vous Beaujolais\",\"description\":\"Les Rendez-vous Beaujolais est une plateforme qui pr\u00e9sente les ambassadeurs du Beaujolais : Bistrots Beaujolais et des maisons et domaines du Beaujolais ainsi que les diff\u00e9rents \u00e9v\u00e9nements Beaujolais organis\u00e9s en France et dans le monde.\",\"publisher\":{\"@id\":\"https:\/\/rendez-vous.beaujolais.com\/#organization\"},\"potentialAction\":[{\"@type\":\"SearchAction\",\"target\":{\"@type\":\"EntryPoint\",\"urlTemplate\":\"https:\/\/rendez-vous.beaujolais.com\/?s={search_term_string}\"},\"query-input\":{\"@type\":\"PropertyValueSpecification\",\"valueRequired\":true,\"valueName\":\"search_term_string\"}}],\"inLanguage\":\"en-US\"},{\"@type\":\"Organization\",\"@id\":\"https:\/\/rendez-vous.beaujolais.com\/#organization\",\"name\":\"Rendez vous Beaujolais\",\"url\":\"https:\/\/rendez-vous.beaujolais.com\/\",\"logo\":{\"@type\":\"ImageObject\",\"inLanguage\":\"en-US\",\"@id\":\"https:\/\/rendez-vous.beaujolais.com\/#\/schema\/logo\/image\/\",\"url\":\"https:\/\/rendez-vous.beaujolais.com\/wp-content\/uploads\/2020\/04\/logo_rendez-vous-beaujolais.png\",\"contentUrl\":\"https:\/\/rendez-vous.beaujolais.com\/wp-content\/uploads\/2020\/04\/logo_rendez-vous-beaujolais.png\",\"width\":259,\"height\":110,\"caption\":\"Rendez vous Beaujolais\"},\"image\":{\"@id\":\"https:\/\/rendez-vous.beaujolais.com\/#\/schema\/logo\/image\/\"}}]}<\/script>\n<!-- \/ Yoast SEO plugin. -->","yoast_head_json":{"title":"Contact us - Les rendez-vous Beaujolais","description":"Les Rendez-vous Beaujolais est une plateforme qui pr\u00e9sente les ambassadeurs du Beaujolais : Bistrots Beaujolais et des maisons et domaines du Beaujolais ainsi que les diff\u00e9rents \u00e9v\u00e9nements Beaujolais organis\u00e9s en France et dans le monde.","robots":{"index":"index","follow":"follow","max-snippet":"max-snippet:-1","max-image-preview":"max-image-preview:large","max-video-preview":"max-video-preview:-1"},"canonical":"https:\/\/rendez-vous.beaujolais.com\/en\/contact-us\/","og_locale":"en_US","og_type":"article","og_title":"Contact us - Les rendez-vous Beaujolais","og_description":"Les Rendez-vous Beaujolais est une plateforme qui pr\u00e9sente les ambassadeurs du Beaujolais : Bistrots Beaujolais et des maisons et domaines du Beaujolais ainsi que les diff\u00e9rents \u00e9v\u00e9nements Beaujolais organis\u00e9s en France et dans le monde.","og_url":"https:\/\/rendez-vous.beaujolais.com\/en\/contact-us\/","og_site_name":"Les rendez-vous Beaujolais","article_modified_time":"2020-07-13T08:09:15+00:00","og_image":[{"width":1200,"height":630,"url":"https:\/\/rendez-vous.beaujolais.com\/wp-content\/uploads\/2020\/06\/rdv-beaujolais-img-partage-rs.png","type":"image\/png"}],"twitter_card":"summary_large_image","schema":{"@context":"https:\/\/schema.org","@graph":[{"@type":"WebPage","@id":"https:\/\/rendez-vous.beaujolais.com\/en\/contact-us\/","url":"https:\/\/rendez-vous.beaujolais.com\/en\/contact-us\/","name":"Contact us - Les rendez-vous Beaujolais","isPartOf":{"@id":"https:\/\/rendez-vous.beaujolais.com\/#website"},"datePublished":"2020-06-29T11:34:27+00:00","dateModified":"2020-07-13T08:09:15+00:00","description":"Les Rendez-vous Beaujolais est une plateforme qui pr\u00e9sente les ambassadeurs du Beaujolais : Bistrots Beaujolais et des maisons et domaines du Beaujolais ainsi que les diff\u00e9rents \u00e9v\u00e9nements Beaujolais organis\u00e9s en France et dans le monde.","breadcrumb":{"@id":"https:\/\/rendez-vous.beaujolais.com\/en\/contact-us\/#breadcrumb"},"inLanguage":"en-US","potentialAction":[{"@type":"ReadAction","target":["https:\/\/rendez-vous.beaujolais.com\/en\/contact-us\/"]}]},{"@type":"BreadcrumbList","@id":"https:\/\/rendez-vous.beaujolais.com\/en\/contact-us\/#breadcrumb","itemListElement":[{"@type":"ListItem","position":1,"name":"Home","item":"https:\/\/rendez-vous.beaujolais.com\/en\/"},{"@type":"ListItem","position":2,"name":"Contact us"}]},{"@type":"WebSite","@id":"https:\/\/rendez-vous.beaujolais.com\/#website","url":"https:\/\/rendez-vous.beaujolais.com\/","name":"Les rendez-vous Beaujolais","description":"Les Rendez-vous Beaujolais est une plateforme qui pr\u00e9sente les ambassadeurs du Beaujolais : Bistrots Beaujolais et des maisons et domaines du Beaujolais ainsi que les diff\u00e9rents \u00e9v\u00e9nements Beaujolais organis\u00e9s en France et dans le monde.","publisher":{"@id":"https:\/\/rendez-vous.beaujolais.com\/#organization"},"potentialAction":[{"@type":"SearchAction","target":{"@type":"EntryPoint","urlTemplate":"https:\/\/rendez-vous.beaujolais.com\/?s={search_term_string}"},"query-input":{"@type":"PropertyValueSpecification","valueRequired":true,"valueName":"search_term_string"}}],"inLanguage":"en-US"},{"@type":"Organization","@id":"https:\/\/rendez-vous.beaujolais.com\/#organization","name":"Rendez vous Beaujolais","url":"https:\/\/rendez-vous.beaujolais.com\/","logo":{"@type":"ImageObject","inLanguage":"en-US","@id":"https:\/\/rendez-vous.beaujolais.com\/#\/schema\/logo\/image\/","url":"https:\/\/rendez-vous.beaujolais.com\/wp-content\/uploads\/2020\/04\/logo_rendez-vous-beaujolais.png","contentUrl":"https:\/\/rendez-vous.beaujolais.com\/wp-content\/uploads\/2020\/04\/logo_rendez-vous-beaujolais.png","width":259,"height":110,"caption":"Rendez vous Beaujolais"},"image":{"@id":"https:\/\/rendez-vous.beaujolais.com\/#\/schema\/logo\/image\/"}}]}},"_links":{"self":[{"href":"https:\/\/rendez-vous.beaujolais.com\/en\/wp-json\/wp\/v2\/pages\/1170","targetHints":{"allow":["GET"]}}],"collection":[{"href":"https:\/\/rendez-vous.beaujolais.com\/en\/wp-json\/wp\/v2\/pages"}],"about":[{"href":"https:\/\/rendez-vous.beaujolais.com\/en\/wp-json\/wp\/v2\/types\/page"}],"author":[{"embeddable":true,"href":"https:\/\/rendez-vous.beaujolais.com\/en\/wp-json\/wp\/v2\/users\/1"}],"replies":[{"embeddable":true,"href":"https:\/\/rendez-vous.beaujolais.com\/en\/wp-json\/wp\/v2\/comments?post=1170"}],"version-history":[{"count":2,"href":"https:\/\/rendez-vous.beaujolais.com\/en\/wp-json\/wp\/v2\/pages\/1170\/revisions"}],"predecessor-version":[{"id":1294,"href":"https:\/\/rendez-vous.beaujolais.com\/en\/wp-json\/wp\/v2\/pages\/1170\/revisions\/1294"}],"wp:attachment":[{"href":"https:\/\/rendez-vous.beaujolais.com\/en\/wp-json\/wp\/v2\/media?parent=1170"}],"curies":[{"name":"wp","href":"https:\/\/api.w.org\/{rel}","templated":true}]}}